{"id":18,"date":"2015-08-25T14:52:39","date_gmt":"2015-08-25T12:52:39","guid":{"rendered":"http:\/\/cms.fotos-von-unterwegs.de\/wordpress\/?page_id=18"},"modified":"2023-05-30T09:36:46","modified_gmt":"2023-05-30T07:36:46","slug":"ueber-mich","status":"publish","type":"page","link":"https:\/\/cms.fotos-von-unterwegs.de\/wordpress\/?page_id=18","title":{"rendered":"Wer ?"},"content":{"rendered":"<p style=\"text-align: justify;\"><a href=\"http:\/\/cms.fotos-von-unterwegs.de\/wordpress\/wp-content\/uploads\/2023\/05\/ingo2-scaled.jpg\" data-rel=\"lightbox-image-0\" data-rl_title=\"\" data-rl_caption=\"\" title=\"\"><img loading=\"lazy\" decoding=\"async\" class=\"alignleft wp-image-264 \" src=\"http:\/\/cms.fotos-von-unterwegs.de\/wordpress\/wp-content\/uploads\/2023\/05\/ingo2-236x300.jpg\" alt=\"\" width=\"257\" height=\"327\" srcset=\"https:\/\/cms.fotos-von-unterwegs.de\/wordpress\/wp-content\/uploads\/2023\/05\/ingo2-236x300.jpg 236w, https:\/\/cms.fotos-von-unterwegs.de\/wordpress\/wp-content\/uploads\/2023\/05\/ingo2-804x1024.jpg 804w, https:\/\/cms.fotos-von-unterwegs.de\/wordpress\/wp-content\/uploads\/2023\/05\/ingo2-768x978.jpg 768w, https:\/\/cms.fotos-von-unterwegs.de\/wordpress\/wp-content\/uploads\/2023\/05\/ingo2-1206x1536.jpg 1206w, https:\/\/cms.fotos-von-unterwegs.de\/wordpress\/wp-content\/uploads\/2023\/05\/ingo2-1608x2048.jpg 1608w, https:\/\/cms.fotos-von-unterwegs.de\/wordpress\/wp-content\/uploads\/2023\/05\/ingo2-scaled.jpg 2010w\" sizes=\"auto, (max-width: 257px) 100vw, 257px\" \/><\/a>Alle Rechte der Bilder und dessen Nutzung liegen bei mir. Einer Nutzung f\u00fcr private oder pers\u00f6nliche Zwecke stimme ich zu.<\/p>\n<p style=\"text-align: justify;\">Bei Ver\u00f6ffentlichung abseits dieser Adresse hier bitte ich um eine Information dazu und der Nennung als Quelle der Bilder.<\/p>\n<p style=\"text-align: justify;\">Sollte ich jemanden mit einem Bild im Sinne des allgemeinen Pers\u00f6nlichkeitsrechts verletzt haben und derjenige w\u00fcnscht keine Ver\u00f6ffentlichung durch mich, endschuldige ich mich an dieser Stelle, bitte um eine kurze Info und werde das entsprechende Bild umgehend entfernen.<\/p>\n","protected":false},"excerpt":{"rendered":"<p>Alle Rechte der Bilder und dessen Nutzung liegen bei mir. Einer Nutzung f\u00fcr private oder pers\u00f6nliche Zwecke stimme ich zu. Bei Ver\u00f6ffentlichung abseits dieser Adresse hier bitte ich um eine Information dazu und der Nennung als Quelle der Bilder. Sollte &hellip; <a href=\"https:\/\/cms.fotos-von-unterwegs.de\/wordpress\/?page_id=18\">Weiterlesen <span class=\"meta-nav\">&rarr;<\/span><\/a><\/p>\n","protected":false},"author":1,"featured_media":0,"parent":0,"menu_order":2,"comment_status":"closed","ping_status":"closed","template":"","meta":{"footnotes":""},"class_list":["post-18","page","type-page","status-publish","hentry"],"_links":{"self":[{"href":"https:\/\/cms.fotos-von-unterwegs.de\/wordpress\/index.php?rest_route=\/wp\/v2\/pages\/18","targetHints":{"allow":["GET"]}}],"collection":[{"href":"https:\/\/cms.fotos-von-unterwegs.de\/wordpress\/index.php?rest_route=\/wp\/v2\/pages"}],"about":[{"href":"https:\/\/cms.fotos-von-unterwegs.de\/wordpress\/index.php?rest_route=\/wp\/v2\/types\/page"}],"author":[{"embeddable":true,"href":"https:\/\/cms.fotos-von-unterwegs.de\/wordpress\/index.php?rest_route=\/wp\/v2\/users\/1"}],"replies":[{"embeddable":true,"href":"https:\/\/cms.fotos-von-unterwegs.de\/wordpress\/index.php?rest_route=%2Fwp%2Fv2%2Fcomments&post=18"}],"version-history":[{"count":4,"href":"https:\/\/cms.fotos-von-unterwegs.de\/wordpress\/index.php?rest_route=\/wp\/v2\/pages\/18\/revisions"}],"predecessor-version":[{"id":266,"href":"https:\/\/cms.fotos-von-unterwegs.de\/wordpress\/index.php?rest_route=\/wp\/v2\/pages\/18\/revisions\/266"}],"wp:attachment":[{"href":"https:\/\/cms.fotos-von-unterwegs.de\/wordpress\/index.php?rest_route=%2Fwp%2Fv2%2Fmedia&parent=18"}],"curies":[{"name":"wp","href":"https:\/\/api.w.org\/{rel}","templated":true}]}}