{"id":48,"date":"2015-08-25T23:56:56","date_gmt":"2015-08-25T21:56:56","guid":{"rendered":"http:\/\/cms.fotos-von-unterwegs.de\/wordpress\/?page_id=48"},"modified":"2016-03-02T09:04:46","modified_gmt":"2016-03-02T07:04:46","slug":"warum","status":"publish","type":"page","link":"https:\/\/cms.fotos-von-unterwegs.de\/wordpress\/?page_id=48","title":{"rendered":"Warum ?"},"content":{"rendered":"<p>Seit 20\u00a0Jahren fotografiere ich nun schon digital und versuche so den Augenblick, die Stimmung f\u00fcr das immer wieder in Erinnerung rufen zu k\u00f6nnen, festzuhalten. Dabei habe ich an mich bzw. meine Bilder nicht den Anspruch der technisch oder fotografisch perfekt ausgef\u00fchrten Belichtung sondern mir geht es darum den Menschen die ich fotografiere damit eine Freude zu machen die l\u00e4nger anh\u00e4lt als der Moment den ich mit der Kamera festhalten kann.<\/p>\n<p>Darum bin ich auch eher &#8222;Knipser&#8220; als Fotograf, manuelles Einstellen von Aufnahmeparametern auf die Situation passend ist genau so nicht mein Ding wie das stundenlange nachbearbeiten von Bildern am Rechner. Ich bin bekennender Automatik Modus Knipser und bin dank meines Equipment und der damit gesammelten Erfahrung in den meisten F\u00e4llen auch selbst mit dem Resultat zufrieden. Wenn ich hier Bilder ver\u00f6ffentliche, sind diese so aus der Kamera gekommen und werden nicht durch Nachbearbeitung und mutwilliges verschandeln wie skalieren, Wasserzeichen oder sonst\u00a0etwas \u00a0beeintr\u00e4chtigt. Ich biete hier den meist f\u00fcr mich fremden Menschen die ich fotografiert habe als Dankesch\u00f6n &#8222;Ihr&#8220; Bild in der maximalen Aufl\u00f6sung an in der es erstellt wurde.<\/p>\n<p>Seit einiger Zeit habe ich Spa\u00df am fotografieren von Sportveranstaltungen gefunden, wie unschwer an den letzten Betr\u00e4gen hier auf der Seite zu erkennen ist. Neben den Klassikern wie Familienfeiern und privaten Momenten mag ich die Herausforderung den entscheidenden Moment einer Aktion Szene \u00a0zu treffen und einzufrieren.<\/p>\n","protected":false},"excerpt":{"rendered":"<p>Seit 20\u00a0Jahren fotografiere ich nun schon digital und versuche so den Augenblick, die Stimmung f\u00fcr das immer wieder in Erinnerung rufen zu k\u00f6nnen, festzuhalten. Dabei habe ich an mich bzw. meine Bilder nicht den Anspruch der technisch oder fotografisch perfekt &hellip; <a href=\"https:\/\/cms.fotos-von-unterwegs.de\/wordpress\/?page_id=48\">Weiterlesen <span class=\"meta-nav\">&rarr;<\/span><\/a><\/p>\n","protected":false},"author":1,"featured_media":0,"parent":0,"menu_order":1,"comment_status":"closed","ping_status":"closed","template":"","meta":{"footnotes":""},"class_list":["post-48","page","type-page","status-publish","hentry"],"_links":{"self":[{"href":"https:\/\/cms.fotos-von-unterwegs.de\/wordpress\/index.php?rest_route=\/wp\/v2\/pages\/48","targetHints":{"allow":["GET"]}}],"collection":[{"href":"https:\/\/cms.fotos-von-unterwegs.de\/wordpress\/index.php?rest_route=\/wp\/v2\/pages"}],"about":[{"href":"https:\/\/cms.fotos-von-unterwegs.de\/wordpress\/index.php?rest_route=\/wp\/v2\/types\/page"}],"author":[{"embeddable":true,"href":"https:\/\/cms.fotos-von-unterwegs.de\/wordpress\/index.php?rest_route=\/wp\/v2\/users\/1"}],"replies":[{"embeddable":true,"href":"https:\/\/cms.fotos-von-unterwegs.de\/wordpress\/index.php?rest_route=%2Fwp%2Fv2%2Fcomments&post=48"}],"version-history":[{"count":1,"href":"https:\/\/cms.fotos-von-unterwegs.de\/wordpress\/index.php?rest_route=\/wp\/v2\/pages\/48\/revisions"}],"predecessor-version":[{"id":49,"href":"https:\/\/cms.fotos-von-unterwegs.de\/wordpress\/index.php?rest_route=\/wp\/v2\/pages\/48\/revisions\/49"}],"wp:attachment":[{"href":"https:\/\/cms.fotos-von-unterwegs.de\/wordpress\/index.php?rest_route=%2Fwp%2Fv2%2Fmedia&parent=48"}],"curies":[{"name":"wp","href":"https:\/\/api.w.org\/{rel}","templated":true}]}}